{"id":1094,"date":"2012-03-09T14:37:27","date_gmt":"2012-03-09T13:37:27","guid":{"rendered":"http:\/\/board.recruit.pl\/?page_id=1094"},"modified":"2018-05-31T07:39:28","modified_gmt":"2018-05-31T06:39:28","slug":"polityka-prywatnosci","status":"publish","type":"page","link":"http:\/\/draft.balticresourcing.com\/?page_id=1094","title":{"rendered":"PRIVACY POLICY"},"content":{"rendered":"<p><strong>BALTIC RESOURCING &#8211;\u00a0Terms and Conditions<\/strong><\/p>\n<p>Use of the website BALTIC RESOURCING shall be treated as consent to the processing of personal data, as per the following clause: \u201cHaving carefully read the contents of the registration form and aware of the meaning thereof with regard to protection of the personal data contained in the forms, documents or other materials disclosed, transmitted or made available to BALTIC RESOURCING, I hereby declare that I consent to the processing of my personal data for the purposes of recruitment and job offer marketing by BALTIC RESOURCING or by companies which are Clients of BALTIC RESOURCING and authorised to use the resources of the CV database which remains in possession of BALTIC RESOURCING.\u201d<\/p>\n<p>If you do not consent to the processing of data, leave our website.<\/p>\n<p><strong>Rules for entering of candidates&#8217; CVs into the database.<\/strong><\/p>\n<p>We treat every CV entered into our database as a confidential document. We have used our best efforts to protect your CV from unauthorised disclosure or use for purposes other than recruitment. CVs may only be accessed by BALTIC RESOURCING employees and by employers (including as Clients of BALTIC RESOURCING) who have signed an appropriate cooperation document with us. Such document obliges an employer to treat any data obtained from our database as confidential and prevents your data from being misused, e.g. from being used for purposes other than recruitment.<\/p>\n<p><strong>Legal Information<\/strong><\/p>\n<p>The Act of 29 August 1997 on Personal Data Protection (Journal of Laws No. 133, item 883) requires that you consent to our processing of your personal data, hence we ask that you familiarise yourself with the contents of the following declaration. Use of the website and entering of your data and CV into the CV database of BALTIC RESOURCING or sending thereof at our e-mail address CV@BALTIC RESOURCING shall be treated as consent to the processing of such data by us. We would like to inform you that you are entitled to access your data and correct them, as well as to other rights with regard to data processing control, being informed of your personal data protection rights, requests for supplementation, revision, correction of data, temporary or permanent suspension of data processing, removal of data from the collection. In addition, we would like to inform you that BALTIC RESOURCING is entitled to remove your personal data, as defined in the Act, without your consent and without stating the reasons. The Personal Data Controller is Baltic Resourcing Sp. z o.o., entered into the Register of Employment Agencies under entry no. 3951.<\/p>\n<p><strong>GDPR<\/strong><\/p>\n<p>We would like to inform you that on the basis of the Act of 29 August 1997 on the Protection of Personal Data (Dz. U. 2018, poz. 138, 723 ze zm.) as well as Regulation (EU) 2016\/679 of the European Parliament and of the Council of 27 April 2016 on the protection of natural persons with regard to the processing of personal data and on the free movement of such data, repealing Directive 95\/46\/EC (General Data Protection Regulation) as published on the Official Journal of the European Union of 4.5.2016 L 119\/1 (hereinafter called GDPR), the regulations on the protection of personal data of users and corresponding processing of such data has been changed.<br \/>\nBaltic Resourcing Sp. z o. o. seated in Gda\u0144sk undertakes to select and verify personal data processing in a manner fully compliant with the requirements of the GDPR. This is to ensure that the entity that processes personal data provides sufficient guarantees for the implementation of the appropriate organizational and technical measures to safeguard security, the satisfaction of individual rights as well as a successful fulfilment of other data protection obligations incumbent on Baltic Resourcing Sp. z o.o.<br \/>\nIn order to comply with the GDPR requirements and ensure an adequate level of safeguards with regards to personal data protection, Baltic Resourcing Sp. z o.o. seated in Gda\u0144sk prepares and implements appropriate tools, inter alia, internal documentation to meet this policy objectives.<\/p>\n<p><strong>Deletion of data from the database<\/strong><\/p>\n<p>If you wish to delete your data from the database, write to us at info@draft.balticresourcing.com or contact us via the contact form.<\/p>\n<p>***<\/p>\n<p><strong>Regulamin korzystania z serwisu BALTIC RESOURCING<\/strong><\/p>\n<p style=\"text-align: justify;\">Korzystanie z serwisu BALTIC RESOURCING traktowane jest jako wyra\u017cenie\u00a0zgody na przetwarzanie danych osobowych w my\u015bl poni\u017cszej klauzuli:\u00a0&#8220;<em>Po dok\u0142adnym zapoznaniu si\u0119 z tre\u015bci\u0105 formularza rejestracyjnego i b\u0119d\u0105c \u015bwiadoma\/y jej znaczenia z punktu widzenia ochrony danych osobowych zawartych w formularzach, dokumentach lub innych materia\u0142ach ujawnionych, przekazanych lub udost\u0119pnionych BALTIC RESOURCING, niniejszym o\u015bwiadczam, i\u017c wyra\u017cam zgod\u0119 na przetwarzanie moich danych osobowych w celach rekrutacji oraz marketingu ofert pracy przez firm\u0119 BALTIC RESOURCING lub przez firmy b\u0119d\u0105ce Klientami BALTIC RESOURCING, posiadaj\u0105ce uprawnienia do korzystania z zasob\u00f3w bazy CV, kt\u00f3rej w\u0142a\u015bcicielem pozostaje BALTIC RESOURCING<\/em>&#8220;<\/p>\n<p><span style=\"text-decoration: underline;\"><strong><span style=\"color: #800000; text-decoration: underline;\">Je\u017celi nie wyra\u017casz zgody na przetwarzanie danych, opu\u015b\u0107 nasz serwis.<\/span><\/strong><\/span><\/p>\n<p><strong>Zasady umieszczania CV kandydat\u00f3w w bazie danych.<\/strong><\/p>\n<p style=\"text-align: justify;\">Ka\u017cdy wprowadzany do naszej bazy \u017cyciorys traktujemy jako dokument poufny. Do\u0142o\u017cyli\u015bmy wszelkich stara\u0144, aby zabezpieczy\u0107 Twoje CV przed niepowo\u0142anym ujawnieniem lub wykorzystaniem do innych ni\u017c rekrutacja cel\u00f3w. <span style=\"line-height: 1.5;\">Do \u017cyciorys\u00f3w mog\u0105 mie\u0107 dost\u0119p tylko pracownicy BALTIC RESOURCING oraz pracodawcy (r\u00f3wnie\u017c jako Klienci BALTIC RESOURCING), kt\u00f3rzy podpisali z nami stosowny dokument o wsp\u00f3\u0142pracy. Dokument ten zobowi\u0105zuje pracodawc\u0119 do traktowania wszelkich danych pobranych z naszej bazy jako poufnych i zabezpiecza mi\u0119dzy innymi przed wykorzystaniem Twoich danych do innych cel\u00f3w ni\u017c rekrutacja.\u00a0<\/span><\/p>\n<p><strong>Informacje prawne<\/strong><\/p>\n<p style=\"text-align: justify;\">Ustawa o ochronie danych osobowych z dnia 29 sierpnia 1997 r.(Dz.U. Nr 133, poz. 883) wymaga udzielenia Twojej zgody na przetwarzanie przez nas Twoich danych osobowych, prosimy wi\u0119c o zapoznanie si\u0119 z tre\u015bci\u0105 poni\u017cszego o\u015bwiadczenia. Korzystanie z serwisu i wprowadzenie swoich danych i \u017cyciorysu do bazy CV BALTIC RESOURCING lub przes\u0142anie go na nasz adres CV@BALTIC RESOURCING traktowane jest jako wyra\u017cenie zgody na przetwarzanie tych danych przez nasz\u0105 firm\u0119. Informujemy, i\u017c przys\u0142uguje Ci prawo wgl\u0105du do Twoich danych oraz ich poprawienia, a tak\u017ce inne prawa w zakresie kontroli przetwarzania danych, uzyskania informacji o swoich prawach w zakresie ochrony danych osobowych, \u017c\u0105dania uzupe\u0142niania, uaktualniania, sprostowania danych, czasowego lub sta\u0142ego wstrzymania przetwarzania danych, usuni\u0119cia danych ze zbioru. Jednocze\u015bnie informujemy, \u017ce BALTIC RESOURCING ma prawo do usuni\u0119cia Twoich danych osobowych w rozumieniu Ustawy bez Twojej zgody i podana przyczyny. Administratorem Danych Osobowych jest firma Baltic Resourcing Sp. z o.o. wpisana do Rejestru Agencji Zatrudnienia nr.\u00a03951<\/p>\n<p><strong>RODO<\/strong><\/p>\n<p>Chcieliby\u015bmy poinformowa\u0107, i\u017c na podstawie ustawy z dnia 29 sierpnia 1997 r. o ochronie danych osobowych (Dz. U. 2018, poz. 138, 723 ze zm.) oraz Rozporz\u0105dzenia Parlamentu Europejskiego i Rady (UE) 2016\/679 z dnia 27 kwietnia 2016 r. w sprawie ochrony os\u00f3b fizycznych w zwi\u0105zku z przetwarzaniem\u00a0 danych osobowych i w sprawie swobodnego przep\u0142ywu takich danych oraz uchylenia dyrektywy 95\/46\/WE (og\u00f3lne rozporz\u0105dzenie o ochronie danych) Dziennik Urz\u0119dowy Unii Europejskiej z 4.5.2016 L 119\/1 \u2013 dalej RODO zmianie ulegaj\u0105 przepisy dotycz\u0105ce ochrony danych osobowych u\u017cytkownik\u00f3w oraz ich przetwarzania.<br \/>\nBaltic Resourcing Sp. z o. o. z siedzib\u0105 w Gda\u0144sku, zobowi\u0105zuje si\u0119 do dokonywania doboru i weryfikacji przetwarzaj\u0105cych dane osobowe w imieniu, na rzecz i z polecenia Baltic Resourcing Sp. z o. o. w spos\u00f3b w pe\u0142ni zgodny z wymogami RODO. Ma to na celu zapewnienie, aby podmiot przetwarzaj\u0105cy dane osobowe dawa\u0142 wystarczaj\u0105ce gwarancje wdro\u017cenia odpowiednich \u015brodk\u00f3w organizacyjnych i technicznych dla zapewnienia bezpiecze\u0144stwa, realizacji praw jednostki i innych obowi\u0105zk\u00f3w ochrony danych spoczywaj\u0105cych na Baltic Resourcing Sp. z o.o.<br \/>\nBaltic Resourcing Sp. z o.o. z siedzib\u0105 w Gda\u0144sku, dzia\u0142aj\u0105c w celu wype\u0142nienia wszystkich wymog\u00f3w towarzysz\u0105cych RODO i zapewnienia odpowiedniego poziomu zabezpiecze\u0144 w zakresie ochrony danych osobowych przygotowuje i wdra\u017ca stosowne narz\u0119dzia pozwalaj\u0105ce na wype\u0142nienie wszystkich wymog\u00f3w wynikaj\u0105cych z RODO, w tym wewn\u0119trzn\u0105 dokumentacj\u0119 s\u0142u\u017c\u0105c\u0105 ochronie danych osobowych.<\/p>\n<p><strong>Usuwanie danych z bazy<\/strong><\/p>\n<p>Je\u017celi chcesz usun\u0105\u0107 swoje dane z bazy, napisz do nas na adres <a href=\"mailto:info@draft.balticresourcing.com\">info@draft.balticresourcing.com<\/a> lub skontaktuj si\u0119 z nami za pomoc\u0105 formularza kontaktu<\/p>\n","protected":false},"excerpt":{"rendered":"<p>BALTIC RESOURCING &#8211;\u00a0Terms and Conditions Use of the website BALTIC RESOURCING shall be treated as consent to the processing of personal data, as per the following clause: \u201cHaving carefully read the contents of the registration form and aware of the meaning thereof with regard to protection of the personal data contained in the forms, documents [&hellip;]<\/p>\n","protected":false},"author":1,"featured_media":0,"parent":0,"menu_order":8,"comment_status":"closed","ping_status":"closed","template":"","meta":{"_et_pb_use_builder":"","_et_pb_old_content":"","_et_gb_content_width":""},"_links":{"self":[{"href":"http:\/\/draft.balticresourcing.com\/index.php?rest_route=\/wp\/v2\/pages\/1094"}],"collection":[{"href":"http:\/\/draft.balticresourcing.com\/index.php?rest_route=\/wp\/v2\/pages"}],"about":[{"href":"http:\/\/draft.balticresourcing.com\/index.php?rest_route=\/wp\/v2\/types\/page"}],"author":[{"embeddable":true,"href":"http:\/\/draft.balticresourcing.com\/index.php?rest_route=\/wp\/v2\/users\/1"}],"replies":[{"embeddable":true,"href":"http:\/\/draft.balticresourcing.com\/index.php?rest_route=%2Fwp%2Fv2%2Fcomments&post=1094"}],"version-history":[{"count":12,"href":"http:\/\/draft.balticresourcing.com\/index.php?rest_route=\/wp\/v2\/pages\/1094\/revisions"}],"predecessor-version":[{"id":10970,"href":"http:\/\/draft.balticresourcing.com\/index.php?rest_route=\/wp\/v2\/pages\/1094\/revisions\/10970"}],"wp:attachment":[{"href":"http:\/\/draft.balticresourcing.com\/index.php?rest_route=%2Fwp%2Fv2%2Fmedia&parent=1094"}],"curies":[{"name":"wp","href":"https:\/\/api.w.org\/{rel}","templated":true}]}}